{"id":272,"date":"2023-11-28T13:21:27","date_gmt":"2023-11-28T13:21:27","guid":{"rendered":"https:\/\/linkki-ry.fi\/?page_id=272"},"modified":"2024-03-29T11:26:56","modified_gmt":"2024-03-29T11:26:56","slug":"jaseneksi","status":"publish","type":"page","link":"https:\/\/linkki-ry.fi\/en\/jaseneksi\/","title":{"rendered":"Becoming a member"},"content":{"rendered":"<p>Linkki's membership is open to all Aalto University students and staff, as well as anyone else interested in the field of transportation &amp; infrastructure engineering and spatial planning. After graduation, you can become an alumni member.&nbsp;<strong>If you are a bachelor's or master's fuksi (1st year student), your first year of membership is free!<\/strong><\/p>\n\n\n\n<p>Supporting memberships are also naturally welcome. In exchange for some financial support, your company's logo can be displayed on Linkki's website and you have the opportunity to use our mailing lists for recruitment purposes. We would also be happy to organize other types of collaboration. If you are interested<a href=\"https:\/\/web.archive.org\/web\/20230322091340\/http:\/\/linkki.ayy.fi\/yhteystiedot\/\"><\/a>, please contact Linkki's board!<\/p>\n\n\n\n<p><strong>Membership types<\/strong><\/p>\n\n\n\n<ul class=\"wp-block-list\">\n<li>Fuksi-member (only for bachelors or masters freshmen): 0,00 \u20ac (valid for the fuksi year)<\/li>\n\n\n\n<li>Student member (AYY member): 8,00 \u20ac (valid for 2 years)<\/li>\n\n\n\n<li>External member (non-AYY member): 5,00 \u20ac (valid for 1 year)<\/li>\n\n\n\n<li>Alumni member (for graduated student members): 10,00 \u20ac (valid for 5 years)<\/li>\n<\/ul>\n\n\n\n<p><strong>Becoming a member<\/strong><\/p>\n\n\n\n<p>We use Kide.app for our membership register. <br><br><em><strong>New members:<\/strong><\/em> You can become a member through <a href=\"https:\/\/kide.app\/en\/memberships\/7047b300-dafd-491c-a0fe-b5cff8cbf055\" target=\"_blank\" rel=\"noreferrer noopener\">this link<\/a> .<\/p>\n\n\n\n<p><em><strong>Existing members: <\/strong><\/em>If you are already a member of Linkki, you can activate your membership in Kide.app through <a href=\"https:\/\/kide.app\/community\/46bbc6e9-9a3e-405d-9468-07ae5cf303df?action=activate-membership\" target=\"_blank\" rel=\"noreferrer noopener\">this link<\/a> . Please read the instructions in Kide.app carefully.<\/p>\n\n\n\n<p>Please note, becoming a fuksi or student member requires authentication using your Aalto University credentials. If you want to join as an alumni member but do not have a Kide.app account, please contact the treasurer of Linkki: talous(at)linkki-ry.fi<\/p>","protected":false},"excerpt":{"rendered":"<p>Linkin j\u00e4seniksi ovat tervetulleita Aalto-yliopiston opiskelijat ja henkil\u00f6kunta tai muuten liikenne- ja tietekniikasta kiinnostuneet henkil\u00f6t. Valmistuttuasi voit liitty\u00e4 alumnij\u00e4seneksi.&nbsp;Jos olet kandi- tai maisterifuksi, ensimm\u00e4inen lukuvuosi on ilmainen! Kannatusj\u00e4senet ovat luonnollisesti my\u00f6s tervetulleita. Pient\u00e4 rahallista tukea vastaan saatte yrityksenne tai yhdistyksenne logon Linkin verkkosivuille sek\u00e4 mahdollisuuden k\u00e4ytt\u00e4\u00e4 s\u00e4hk\u00f6postilistaamme rekrytointitarkoituksiin. J\u00e4rjest\u00e4mme mieluusti muunkinlaista yhteisty\u00f6t\u00e4. Ottakaa yhteytt\u00e4&nbsp;hallitukseen, jos [&hellip;]<\/p>\n","protected":false},"author":1,"featured_media":0,"parent":0,"menu_order":0,"comment_status":"closed","ping_status":"closed","template":"","meta":{"saved_in_kubio":true,"footnotes":""},"class_list":["post-272","page","type-page","status-publish","hentry"],"kubio_ai_page_context":{"short_desc":"","purpose":"general"},"_links":{"self":[{"href":"https:\/\/linkki-ry.fi\/en\/wp-json\/wp\/v2\/pages\/272","targetHints":{"allow":["GET"]}}],"collection":[{"href":"https:\/\/linkki-ry.fi\/en\/wp-json\/wp\/v2\/pages"}],"about":[{"href":"https:\/\/linkki-ry.fi\/en\/wp-json\/wp\/v2\/types\/page"}],"author":[{"embeddable":true,"href":"https:\/\/linkki-ry.fi\/en\/wp-json\/wp\/v2\/users\/1"}],"replies":[{"embeddable":true,"href":"https:\/\/linkki-ry.fi\/en\/wp-json\/wp\/v2\/comments?post=272"}],"version-history":[{"count":8,"href":"https:\/\/linkki-ry.fi\/en\/wp-json\/wp\/v2\/pages\/272\/revisions"}],"predecessor-version":[{"id":699,"href":"https:\/\/linkki-ry.fi\/en\/wp-json\/wp\/v2\/pages\/272\/revisions\/699"}],"wp:attachment":[{"href":"https:\/\/linkki-ry.fi\/en\/wp-json\/wp\/v2\/media?parent=272"}],"curies":[{"name":"wp","href":"https:\/\/api.w.org\/{rel}","templated":true}]}}